{"id":7780,"date":"2019-12-09T13:29:32","date_gmt":"2019-12-09T12:29:32","guid":{"rendered":"https:\/\/arriva.si\/informacije-za-uporabnike\/"},"modified":"2020-05-26T17:24:53","modified_gmt":"2020-05-26T15:24:53","slug":"terms-of-use-arriva-piran","status":"publish","type":"page","link":"https:\/\/arriva.si\/en\/passenger-transport\/city-bus-transport\/city-transport-piran\/single-city-card-piran\/terms-of-use-arriva-piran\/","title":{"rendered":"Terms of use Arriva Piran"},"content":{"rendered":"<p><strong>INFORMATION FOR USERS<\/strong><br \/>\nUsers of the Piran Single City Card can download the Arriva Piran mobile app onto their Android and iOS smartphones, which serves as a <strong>virtual single city value card<\/strong>.<\/p>\n<p>The Arriva Piran app is an innovation of the <strong>city municipality of Piran and Arriva <\/strong>and it uses DOV technology for contactless payment for services of the Piran single city card system.<\/p>\n<p>If you replace your mobile device, you will be able to activate the Arriva Piran app on your new <a href=\"mailto:piran@arriva.si\">mobile device<\/a> at the sales point Arriva Piran Lucija, Obala 114, or via e-mail<u> piran@arriva.si.<\/u><\/p>\n<p><strong>Transfer of funds between the physical and virtual single city card in the Arriva Piran mobile app is possible at the sales point Arriva Piran Lucija.<\/strong><\/p>\n<p><strong>For further information, please write to us at the following e-mail address <\/strong><a href=\"mailto:piran@arriva.si\"><strong>piran@arriva.si<\/strong><\/a><strong>\u00a0or call us at the telephone number +386 (0)5 671 31 22.<\/strong><\/p>\n<p><strong>The Arriva Piran mobile app enables faster and simpler payment for:<\/strong><\/p>\n<ul>\n<li>travelling with city buses.<\/li>\n<\/ul>\n<p>The app provides a friendly and simple user experience to the owners of smartphones with the Android or iOS operation system.<br \/>\nThe app offers you everything for city public transport services which is normally available with the Piran single city value card. You can use it for contactless payment for the city bus (Arriva) fare, transfer buses within 30 minutes free of charge and transfer funds onto the card. In addition, the application makes it possible for you to check your account balance, validation history and bus arrival schedules and you can use it to plan your way around town and access travel information.<br \/>\nThe Arriva Piran app is available to all smartphone users, while the <strong>transferring of funds onto the single city value card with VAL\u00da is available only to users of Slovenian mobile operators<\/strong>.<\/p>\n<p><strong>How do I download the app?<\/strong><br \/>\nEnter the key words <strong>Arriva Piran<\/strong> into the search bar of the online store.<br \/>\nThe Arriva Piran mobile app can be downloaded via the Google Play online store by all users of smart phones with the Android 5.0 operation system and its upgrades, as well as via the App store for smartphones with the iOS 10 operation system and its upgrades. We do not recommend the use of pirated versions of Android and iOS operation systems.<\/p>\n<p><strong>Transferring funds onto the mobile app<\/strong><br \/>\nTransferring funds onto the Arriva Piran mobile app is possible<\/p>\n<ul>\n<li>in the application via VAL\u00da,<\/li>\n<li>in the application via payment cards.<\/li>\n<\/ul>\n<p><strong>The maximum amount of funds on the card is \u20ac50.00.<\/strong><\/p>\n<p><strong>Transferring via VAL\u00da<\/strong><br \/>\nIn the application, select the transferring of funds via VAL\u00da, determine the transfer amount and enter your PIN number (if you have it activated). You need to activate your phone number for transferring funds via VAL\u00da prior to the first transfer. On the first attempt to transfer funds on the Arriva Piran display, the app automatically offers you the option of activating the transfer via VAL\u00da. Enter your telephone number in the display field and you will receive a confirmation SMS to this number with an activation code, which you then enter into the confirmation field.<br \/>\nYou can also turn on the transferring of funds via VAL\u00da on the display Connected number, which you can access with a slide menu. If you do not immediately receive a message, you can check if you have entered the correct number on the display \u201cConnected number\u201d. If your number is correct, you can again request an additional activation code on the same display.<br \/>\nTransferring funds onto the mobile app via VAL\u00da is enabled to all users of Slovenian mobile operators. If you do not have sufficient funds on your VAL\u00da account at the time of transfer, users of Telekom Slovenije and A1 can automatically transfer funds onto your VAL\u00da account via the VAL\u00da Moneta and then transfer funds onto the SCC Piran.<\/p>\n<p><strong>Transferring via payment cards<\/strong><br \/>\nWithin the app you can set the transfer amount and select transferring via credit card. The application will guide you to the form where you will enter you payment card number and other information necessary for the successful transfer. After successful transfer, the mobile app will automatically return to the initial display, where the balance of your Arriva Piran account is displayed. It allows you to quickly and effectively continue with the purchase of a monthly ticket or automatically purchase a single use ticket on the bus.<\/p>\n<p><strong>Purchase on timebound (monthly) ticket<\/strong><br \/>\nAll formalities to transfer rights from contactless EMK Piran card to the virtual card (application) and inscription of monthly ticket rights can be arranged at Arriva selling point, Pomembnej\u0161e postajali\u0161\u010de Lucija, Obala 114, Portoro\u017e.<\/p>\n<p>Monthly ticket rights can be inscribed only on one medium (in the application or contactless card, not on both).<\/p>\n<p>Monthly tickets are available for Piran citizens with a permanent and\/or temporary residence in Municipality Piran, and pupils and students who are studying in one of the schools in the area of Municipality Piran.<\/p>\n<p><strong>Application use<\/strong><br \/>\nThe Arriva Piran mobile app enables faster and simpler payment for travelling with city buses. All service payments with the Arriva Piran mobile app are made in a similar manner as with the Piran single city value card in physical form.<\/p>\n","protected":false},"excerpt":{"rendered":"INFORMATION FOR USERS\r\nUsers of the Piran Single City Card can download the Arriva Piran mobile app onto their Android and iOS smartphones, which serves as a virtual single city value card.\r\n\r\nThe ...","protected":false},"author":10,"featured_media":0,"parent":1474,"menu_order":58,"comment_status":"closed","ping_status":"closed","template":"","meta":{"_acf_changed":false,"footnotes":""},"class_list":["post-7780","page","type-page","status-publish","hentry"],"acf":[],"_links":{"self":[{"href":"https:\/\/arriva.si\/en\/wp-json\/wp\/v2\/pages\/7780","targetHints":{"allow":["GET"]}}],"collection":[{"href":"https:\/\/arriva.si\/en\/wp-json\/wp\/v2\/pages"}],"about":[{"href":"https:\/\/arriva.si\/en\/wp-json\/wp\/v2\/types\/page"}],"author":[{"embeddable":true,"href":"https:\/\/arriva.si\/en\/wp-json\/wp\/v2\/users\/10"}],"replies":[{"embeddable":true,"href":"https:\/\/arriva.si\/en\/wp-json\/wp\/v2\/comments?post=7780"}],"version-history":[{"count":0,"href":"https:\/\/arriva.si\/en\/wp-json\/wp\/v2\/pages\/7780\/revisions"}],"up":[{"embeddable":true,"href":"https:\/\/arriva.si\/en\/wp-json\/wp\/v2\/pages\/1474"}],"wp:attachment":[{"href":"https:\/\/arriva.si\/en\/wp-json\/wp\/v2\/media?parent=7780"}],"curies":[{"name":"wp","href":"https:\/\/api.w.org\/{rel}","templated":true}]}}