{"id":1565,"date":"2018-11-07T10:11:41","date_gmt":"2018-11-07T09:11:41","guid":{"rendered":"https:\/\/arriva.si\/?page_id=1565"},"modified":"2018-12-26T11:51:21","modified_gmt":"2018-12-26T10:51:21","slug":"responsible-business","status":"publish","type":"page","link":"https:\/\/arriva.si\/en\/responsible-business\/","title":{"rendered":"Responsible business"},"content":{"rendered":"<p>Podro\u010dij, na katerih deluje skupina Arriva kot dru\u017ebeno odgovorno podjetje, je veliko, saj se Arriva zaveda vpetosti v dru\u017ebeno in naravno okolje. Zato spodbuja gospodarski, socialni in dru\u017ebeni razvoj vsakega lokalnega okolja, v katerem deluje, ustvarja \u0161ir\u0161e gospodarske in dru\u017ebene u\u010dinke, oblikuje prijazna in urejena okolja za potnike in zaposlene ter pove\u010duje kakovost ponudbe storitev. Prizadevamo si tudi za izbolj\u0161evanje okoljskih vidikov poslovanja, gospodarno ravnanje in racionalno rabo energije, surovin in drugih naravnih virov.<\/p>\n<p>V Arrivi verjamemo, da poslovni uspeh podjetja temelji na ekonomski racionalnosti, uravnote\u017eenem razvoju in vpetosti v naravno in dru\u017ebeno okolje, in da dru\u017ebena odgovornost pomeni ne le konkuren\u010dno prednost, ampak enega od elementov nadaljnjega razvoja skupine Arriva.<img loading=\"lazy\" decoding=\"async\" class=\"size-full wp-image-482 aligncenter\" src=\"https:\/\/arriva.si\/wp-content\/uploads\/2018\/10\/Dru\u017ebena-odgovornost.png\" alt=\"\" width=\"1024\" height=\"409\" srcset=\"https:\/\/arriva.si\/wp-content\/uploads\/2018\/10\/Dru\u017ebena-odgovornost.png 1024w, https:\/\/arriva.si\/wp-content\/uploads\/2018\/10\/Dru\u017ebena-odgovornost-300x120.png 300w, https:\/\/arriva.si\/wp-content\/uploads\/2018\/10\/Dru\u017ebena-odgovornost-768x307.png 768w\" sizes=\"auto, (max-width: 1024px) 100vw, 1024px\" \/><\/p>\n","protected":false},"excerpt":{"rendered":"Podro\u010dij, na katerih deluje skupina Arriva kot dru\u017ebeno odgovorno podjetje, je veliko, saj se Arriva zaveda vpetosti v dru\u017ebeno in naravno okolje. Zato spodbuja gospodarski, socialni in dru\u017ebeni ...","protected":false},"author":11,"featured_media":0,"parent":0,"menu_order":130,"comment_status":"closed","ping_status":"closed","template":"","meta":{"_acf_changed":false,"footnotes":""},"class_list":["post-1565","page","type-page","status-publish","hentry"],"acf":[],"_links":{"self":[{"href":"https:\/\/arriva.si\/en\/wp-json\/wp\/v2\/pages\/1565","targetHints":{"allow":["GET"]}}],"collection":[{"href":"https:\/\/arriva.si\/en\/wp-json\/wp\/v2\/pages"}],"about":[{"href":"https:\/\/arriva.si\/en\/wp-json\/wp\/v2\/types\/page"}],"author":[{"embeddable":true,"href":"https:\/\/arriva.si\/en\/wp-json\/wp\/v2\/users\/11"}],"replies":[{"embeddable":true,"href":"https:\/\/arriva.si\/en\/wp-json\/wp\/v2\/comments?post=1565"}],"version-history":[{"count":0,"href":"https:\/\/arriva.si\/en\/wp-json\/wp\/v2\/pages\/1565\/revisions"}],"wp:attachment":[{"href":"https:\/\/arriva.si\/en\/wp-json\/wp\/v2\/media?parent=1565"}],"curies":[{"name":"wp","href":"https:\/\/api.w.org\/{rel}","templated":true}]}}